{"id":4536,"date":"2025-11-03T16:28:38","date_gmt":"2025-11-03T15:28:38","guid":{"rendered":"https:\/\/by-ann-graphiste-design.com\/?page_id=4536"},"modified":"2025-11-03T16:30:15","modified_gmt":"2025-11-03T15:30:15","slug":"mentions-legales","status":"publish","type":"page","link":"https:\/\/by-ann-graphiste-design.com\/index.php\/mentions-legales\/","title":{"rendered":"Mentions L\u00e9gales"},"content":{"rendered":"\t\t<div data-elementor-type=\"wp-page\" data-elementor-id=\"4536\" class=\"elementor elementor-4536\" data-elementor-post-type=\"page\">\n\t\t\t\t\t\t<section class=\"elementor-section elementor-top-section elementor-element elementor-element-375ca695 elementor-section-boxed elementor-section-height-default elementor-section-height-default\" data-id=\"375ca695\" data-element_type=\"section\" data-e-type=\"section\">\n\t\t\t\t\t\t<div class=\"elementor-container elementor-column-gap-default\">\n\t\t\t\t\t<div class=\"elementor-column elementor-col-100 elementor-top-column elementor-element elementor-element-23733aea\" data-id=\"23733aea\" data-element_type=\"column\" data-e-type=\"column\">\n\t\t\t<div class=\"elementor-widget-wrap elementor-element-populated\">\n\t\t\t\t\t\t<div class=\"elementor-element elementor-element-4807d4be elementor-widget elementor-widget-text-editor\" data-id=\"4807d4be\" data-element_type=\"widget\" data-e-type=\"widget\" data-widget_type=\"text-editor.default\">\n\t\t\t\t\t\t\t\t\t\n<p>Conform\u00e9ment aux dispositions de la loi n\u00b0 2004-575 du 21 juin 2004 pour la confiance en l&rsquo;\u00e9conomie num\u00e9rique, il est pr\u00e9cis\u00e9 aux utilisateurs du site By Ann &#8211; Graphiste Designer \/ BGE COOP l&rsquo;identit\u00e9 des diff\u00e9rents intervenants dans le cadre de sa r\u00e9alisation et de son suivi.<\/p>\n\n<p><strong>Edition du site\u00a0<\/strong><\/p>\n\n<p>Le pr\u00e9sent site, accessible \u00e0 l\u2019URL https:\/\/by-ann-graphiste-design.com\/ (le \u00ab Site \u00bb), est \u00e9dit\u00e9 par :<\/p>\n\n<p><em><br \/><\/em>LA MAISON DES ENTREPRENEURS , soci\u00e9t\u00e9 au capital de 10000 euros, inscrite au R.C.S. de TOULOUSE sous le num\u00e9ro 383 609 476 00023, dont le si\u00e8ge social est situ\u00e9 au 3 chemin du Pigeonnier de la Cepiere 31100 Toulouse, repr\u00e9sent\u00e9(e) par Thibaut CORDONNIER d\u00fbment habilit\u00e9(e)<\/p>\n\n<p>Le num\u00e9ro individuel TVA de l\u2019\u00e9diteur est : FR70383609476.<\/p>\n\n<p><strong>H\u00e9bergement<\/strong><\/p>\n\n<p><br \/>Le Site est h\u00e9berg\u00e9 par la soci\u00e9t\u00e9 OVH SAS, situ\u00e9 2 rue Kellermann &#8211; BP 80157 &#8211; 59053 Roubaix Cedex 1, (contact t\u00e9l\u00e9phonique ou email : 1007).<\/p>\n\n<p><strong>Directeur de publication\u00a0<\/strong><\/p>\n\n<p><br \/>Le Directeur de la publication du Site est Thibaut CORDONNIER .<\/p>\n\n<p><strong>Nous contacter\u00a0<\/strong><\/p>\n\n<p><br \/>Par t\u00e9l\u00e9phone\u00a0: +33613083729<\/p>\n\n<p>Par email\u00a0: contact@by-ann-graphiste.fr<\/p>\n\n<p>Par courrier\u00a0: 11 rue Grand Chemin 30210 Sernhac<\/p>\n\n<p><strong>Donn\u00e9es personnelles<\/strong><\/p>\n\n<p>Le traitement de vos donn\u00e9es \u00e0 caract\u00e8re personnel est r\u00e9gi par notre Charte du respect de la vie priv\u00e9e, disponible depuis la section \u00ab\u00a0Charte de Protection des Donn\u00e9es Personnelles\u00a0\u00bb, conform\u00e9ment au R\u00e8glement G\u00e9n\u00e9ral sur la Protection des Donn\u00e9es 2016\/679 du 27 avril 2016 (\u00abRGPD\u00bb).<\/p>\n\n<p><br \/>G\u00e9n\u00e9ration des mentions l\u00e9gales par <a href=\"https:\/\/www.legalstart.fr\/\">Legalstart<\/a>.<\/p>\n\t\t\t\t\t\t\t\t<\/div>\n\t\t\t\t\t<\/div>\n\t\t<\/div>\n\t\t\t\t\t<\/div>\n\t\t<\/section>\n\t\t\t\t<\/div>\n\t\t","protected":false},"excerpt":{"rendered":"<p>Conform\u00e9ment aux dispositions de la loi n\u00b0 2004-575 du 21 juin 2004 pour la confiance en l&rsquo;\u00e9conomie num\u00e9rique, il est pr\u00e9cis\u00e9 aux utilisateurs du site By Ann &#8211; Graphiste Designer \/ BGE COOP l&rsquo;identit\u00e9 des diff\u00e9rents intervenants dans le cadre de sa r\u00e9alisation et de son suivi. Edition du site\u00a0 Le pr\u00e9sent site, accessible \u00e0 [&hellip;]<\/p>\n","protected":false},"author":1,"featured_media":0,"parent":0,"menu_order":0,"comment_status":"closed","ping_status":"closed","template":"","meta":{"ocean_post_layout":"","ocean_both_sidebars_style":"","ocean_both_sidebars_content_width":0,"ocean_both_sidebars_sidebars_width":0,"ocean_sidebar":"","ocean_second_sidebar":"","ocean_disable_margins":"enable","ocean_add_body_class":"","ocean_shortcode_before_top_bar":"","ocean_shortcode_after_top_bar":"","ocean_shortcode_before_header":"","ocean_shortcode_after_header":"","ocean_has_shortcode":"","ocean_shortcode_after_title":"","ocean_shortcode_before_footer_widgets":"","ocean_shortcode_after_footer_widgets":"","ocean_shortcode_before_footer_bottom":"","ocean_shortcode_after_footer_bottom":"","ocean_display_top_bar":"default","ocean_display_header":"default","ocean_header_style":"","ocean_center_header_left_menu":"","ocean_custom_header_template":"","ocean_custom_logo":0,"ocean_custom_retina_logo":0,"ocean_custom_logo_max_width":0,"ocean_custom_logo_tablet_max_width":0,"ocean_custom_logo_mobile_max_width":0,"ocean_custom_logo_max_height":0,"ocean_custom_logo_tablet_max_height":0,"ocean_custom_logo_mobile_max_height":0,"ocean_header_custom_menu":"","ocean_menu_typo_font_family":"","ocean_menu_typo_font_subset":"","ocean_menu_typo_font_size":0,"ocean_menu_typo_font_size_tablet":0,"ocean_menu_typo_font_size_mobile":0,"ocean_menu_typo_font_size_unit":"px","ocean_menu_typo_font_weight":"","ocean_menu_typo_font_weight_tablet":"","ocean_menu_typo_font_weight_mobile":"","ocean_menu_typo_transform":"","ocean_menu_typo_transform_tablet":"","ocean_menu_typo_transform_mobile":"","ocean_menu_typo_line_height":0,"ocean_menu_typo_line_height_tablet":0,"ocean_menu_typo_line_height_mobile":0,"ocean_menu_typo_line_height_unit":"","ocean_menu_typo_spacing":0,"ocean_menu_typo_spacing_tablet":0,"ocean_menu_typo_spacing_mobile":0,"ocean_menu_typo_spacing_unit":"","ocean_menu_link_color":"","ocean_menu_link_color_hover":"","ocean_menu_link_color_active":"","ocean_menu_link_background":"","ocean_menu_link_hover_background":"","ocean_menu_link_active_background":"","ocean_menu_social_links_bg":"","ocean_menu_social_hover_links_bg":"","ocean_menu_social_links_color":"","ocean_menu_social_hover_links_color":"","ocean_disable_title":"default","ocean_disable_heading":"default","ocean_post_title":"","ocean_post_subheading":"","ocean_post_title_style":"","ocean_post_title_background_color":"","ocean_post_title_background":0,"ocean_post_title_bg_image_position":"","ocean_post_title_bg_image_attachment":"","ocean_post_title_bg_image_repeat":"","ocean_post_title_bg_image_size":"","ocean_post_title_height":0,"ocean_post_title_bg_overlay":0.5,"ocean_post_title_bg_overlay_color":"","ocean_disable_breadcrumbs":"default","ocean_breadcrumbs_color":"","ocean_breadcrumbs_separator_color":"","ocean_breadcrumbs_links_color":"","ocean_breadcrumbs_links_hover_color":"","ocean_display_footer_widgets":"default","ocean_display_footer_bottom":"default","ocean_custom_footer_template":"","footnotes":""},"class_list":["post-4536","page","type-page","status-publish","hentry","entry"],"yoast_head":"<!-- This site is optimized with the Yoast SEO Premium plugin v21.0 (Yoast SEO v27.4) - https:\/\/yoast.com\/product\/yoast-seo-premium-wordpress\/ -->\n<title>Mentions L\u00e9gales - By Ann - Graphiste Designer<\/title>\n<meta name=\"robots\" content=\"index, follow, max-snippet:-1, max-image-preview:large, max-video-preview:-1\" \/>\n<link rel=\"canonical\" href=\"https:\/\/by-ann-graphiste-design.com\/index.php\/mentions-legales\/\" \/>\n<meta property=\"og:locale\" content=\"fr_FR\" \/>\n<meta property=\"og:type\" content=\"article\" \/>\n<meta property=\"og:title\" content=\"Mentions L\u00e9gales\" \/>\n<meta property=\"og:description\" content=\"Conform\u00e9ment aux dispositions de la loi n\u00b0 2004-575 du 21 juin 2004 pour la confiance en l&rsquo;\u00e9conomie num\u00e9rique, il est pr\u00e9cis\u00e9 aux utilisateurs du site By Ann &#8211; Graphiste Designer \/ BGE COOP l&rsquo;identit\u00e9 des diff\u00e9rents intervenants dans le cadre de sa r\u00e9alisation et de son suivi. Edition du site\u00a0 Le pr\u00e9sent site, accessible \u00e0 [&hellip;]\" \/>\n<meta property=\"og:url\" content=\"https:\/\/by-ann-graphiste-design.com\/index.php\/mentions-legales\/\" \/>\n<meta property=\"og:site_name\" content=\"By Ann - Graphiste Designer\" \/>\n<meta property=\"article:publisher\" content=\"https:\/\/www.facebook.com\/by.ann.picot.graphiste.designer\/\" \/>\n<meta property=\"article:modified_time\" content=\"2025-11-03T15:30:15+00:00\" \/>\n<meta property=\"og:image\" content=\"https:\/\/by-ann-graphiste-design.com\/wp-content\/uploads\/2023\/06\/alternatif-by-ann-graphiste.jpg\" \/>\n\t<meta property=\"og:image:width\" content=\"1200\" \/>\n\t<meta property=\"og:image:height\" content=\"675\" \/>\n\t<meta property=\"og:image:type\" content=\"image\/jpeg\" \/>\n<meta name=\"twitter:card\" content=\"summary_large_image\" \/>\n<meta name=\"twitter:label1\" content=\"Dur\u00e9e de lecture estim\u00e9e\" \/>\n\t<meta name=\"twitter:data1\" content=\"2 minutes\" \/>\n<script type=\"application\/ld+json\" class=\"yoast-schema-graph\">{\"@context\":\"https:\\\/\\\/schema.org\",\"@graph\":[{\"@type\":\"WebPage\",\"@id\":\"https:\\\/\\\/by-ann-graphiste-design.com\\\/index.php\\\/mentions-legales\\\/\",\"url\":\"https:\\\/\\\/by-ann-graphiste-design.com\\\/index.php\\\/mentions-legales\\\/\",\"name\":\"Mentions L\u00e9gales - By Ann - Graphiste Designer\",\"isPartOf\":{\"@id\":\"https:\\\/\\\/by-ann-graphiste-design.com\\\/#website\"},\"datePublished\":\"2025-11-03T15:28:38+00:00\",\"dateModified\":\"2025-11-03T15:30:15+00:00\",\"breadcrumb\":{\"@id\":\"https:\\\/\\\/by-ann-graphiste-design.com\\\/index.php\\\/mentions-legales\\\/#breadcrumb\"},\"inLanguage\":\"fr-FR\",\"potentialAction\":[{\"@type\":\"ReadAction\",\"target\":[\"https:\\\/\\\/by-ann-graphiste-design.com\\\/index.php\\\/mentions-legales\\\/\"]}]},{\"@type\":\"BreadcrumbList\",\"@id\":\"https:\\\/\\\/by-ann-graphiste-design.com\\\/index.php\\\/mentions-legales\\\/#breadcrumb\",\"itemListElement\":[{\"@type\":\"ListItem\",\"position\":1,\"name\":\"Accueil\",\"item\":\"https:\\\/\\\/by-ann-graphiste-design.com\\\/\"},{\"@type\":\"ListItem\",\"position\":2,\"name\":\"Mentions L\u00e9gales\"}]},{\"@type\":\"WebSite\",\"@id\":\"https:\\\/\\\/by-ann-graphiste-design.com\\\/#website\",\"url\":\"https:\\\/\\\/by-ann-graphiste-design.com\\\/\",\"name\":\"By Ann Graphiste Design\",\"description\":\"\",\"publisher\":{\"@id\":\"https:\\\/\\\/by-ann-graphiste-design.com\\\/#organization\"},\"alternateName\":\"By Ann\",\"potentialAction\":[{\"@type\":\"SearchAction\",\"target\":{\"@type\":\"EntryPoint\",\"urlTemplate\":\"https:\\\/\\\/by-ann-graphiste-design.com\\\/?s={search_term_string}\"},\"query-input\":{\"@type\":\"PropertyValueSpecification\",\"valueRequired\":true,\"valueName\":\"search_term_string\"}}],\"inLanguage\":\"fr-FR\"},{\"@type\":\"Organization\",\"@id\":\"https:\\\/\\\/by-ann-graphiste-design.com\\\/#organization\",\"name\":\"By Ann - Graphiste Designer\",\"url\":\"https:\\\/\\\/by-ann-graphiste-design.com\\\/\",\"logo\":{\"@type\":\"ImageObject\",\"inLanguage\":\"fr-FR\",\"@id\":\"https:\\\/\\\/by-ann-graphiste-design.com\\\/#\\\/schema\\\/logo\\\/image\\\/\",\"url\":\"https:\\\/\\\/by-ann-graphiste-design.com\\\/wp-content\\\/uploads\\\/2021\\\/05\\\/cropped-cropped-logo-By-Ann-graphiste-designer-01-01-1.png\",\"contentUrl\":\"https:\\\/\\\/by-ann-graphiste-design.com\\\/wp-content\\\/uploads\\\/2021\\\/05\\\/cropped-cropped-logo-By-Ann-graphiste-designer-01-01-1.png\",\"width\":2000,\"height\":1525,\"caption\":\"By Ann - Graphiste Designer\"},\"image\":{\"@id\":\"https:\\\/\\\/by-ann-graphiste-design.com\\\/#\\\/schema\\\/logo\\\/image\\\/\"},\"sameAs\":[\"https:\\\/\\\/www.facebook.com\\\/by.ann.picot.graphiste.designer\\\/\",\"https:\\\/\\\/www.instagram.com\\\/byanngraphistedesigner\\\/\",\"https:\\\/\\\/www.linkedin.com\\\/in\\\/ann-picot\\\/\"]}]}<\/script>\n<!-- \/ Yoast SEO Premium plugin. -->","yoast_head_json":{"title":"Mentions L\u00e9gales - By Ann - Graphiste Designer","robots":{"index":"index","follow":"follow","max-snippet":"max-snippet:-1","max-image-preview":"max-image-preview:large","max-video-preview":"max-video-preview:-1"},"canonical":"https:\/\/by-ann-graphiste-design.com\/index.php\/mentions-legales\/","og_locale":"fr_FR","og_type":"article","og_title":"Mentions L\u00e9gales","og_description":"Conform\u00e9ment aux dispositions de la loi n\u00b0 2004-575 du 21 juin 2004 pour la confiance en l&rsquo;\u00e9conomie num\u00e9rique, il est pr\u00e9cis\u00e9 aux utilisateurs du site By Ann &#8211; Graphiste Designer \/ BGE COOP l&rsquo;identit\u00e9 des diff\u00e9rents intervenants dans le cadre de sa r\u00e9alisation et de son suivi. Edition du site\u00a0 Le pr\u00e9sent site, accessible \u00e0 [&hellip;]","og_url":"https:\/\/by-ann-graphiste-design.com\/index.php\/mentions-legales\/","og_site_name":"By Ann - Graphiste Designer","article_publisher":"https:\/\/www.facebook.com\/by.ann.picot.graphiste.designer\/","article_modified_time":"2025-11-03T15:30:15+00:00","og_image":[{"width":1200,"height":675,"url":"https:\/\/by-ann-graphiste-design.com\/wp-content\/uploads\/2023\/06\/alternatif-by-ann-graphiste.jpg","type":"image\/jpeg"}],"twitter_card":"summary_large_image","twitter_misc":{"Dur\u00e9e de lecture estim\u00e9e":"2 minutes"},"schema":{"@context":"https:\/\/schema.org","@graph":[{"@type":"WebPage","@id":"https:\/\/by-ann-graphiste-design.com\/index.php\/mentions-legales\/","url":"https:\/\/by-ann-graphiste-design.com\/index.php\/mentions-legales\/","name":"Mentions L\u00e9gales - By Ann - Graphiste Designer","isPartOf":{"@id":"https:\/\/by-ann-graphiste-design.com\/#website"},"datePublished":"2025-11-03T15:28:38+00:00","dateModified":"2025-11-03T15:30:15+00:00","breadcrumb":{"@id":"https:\/\/by-ann-graphiste-design.com\/index.php\/mentions-legales\/#breadcrumb"},"inLanguage":"fr-FR","potentialAction":[{"@type":"ReadAction","target":["https:\/\/by-ann-graphiste-design.com\/index.php\/mentions-legales\/"]}]},{"@type":"BreadcrumbList","@id":"https:\/\/by-ann-graphiste-design.com\/index.php\/mentions-legales\/#breadcrumb","itemListElement":[{"@type":"ListItem","position":1,"name":"Accueil","item":"https:\/\/by-ann-graphiste-design.com\/"},{"@type":"ListItem","position":2,"name":"Mentions L\u00e9gales"}]},{"@type":"WebSite","@id":"https:\/\/by-ann-graphiste-design.com\/#website","url":"https:\/\/by-ann-graphiste-design.com\/","name":"By Ann Graphiste Design","description":"","publisher":{"@id":"https:\/\/by-ann-graphiste-design.com\/#organization"},"alternateName":"By Ann","potentialAction":[{"@type":"SearchAction","target":{"@type":"EntryPoint","urlTemplate":"https:\/\/by-ann-graphiste-design.com\/?s={search_term_string}"},"query-input":{"@type":"PropertyValueSpecification","valueRequired":true,"valueName":"search_term_string"}}],"inLanguage":"fr-FR"},{"@type":"Organization","@id":"https:\/\/by-ann-graphiste-design.com\/#organization","name":"By Ann - Graphiste Designer","url":"https:\/\/by-ann-graphiste-design.com\/","logo":{"@type":"ImageObject","inLanguage":"fr-FR","@id":"https:\/\/by-ann-graphiste-design.com\/#\/schema\/logo\/image\/","url":"https:\/\/by-ann-graphiste-design.com\/wp-content\/uploads\/2021\/05\/cropped-cropped-logo-By-Ann-graphiste-designer-01-01-1.png","contentUrl":"https:\/\/by-ann-graphiste-design.com\/wp-content\/uploads\/2021\/05\/cropped-cropped-logo-By-Ann-graphiste-designer-01-01-1.png","width":2000,"height":1525,"caption":"By Ann - Graphiste Designer"},"image":{"@id":"https:\/\/by-ann-graphiste-design.com\/#\/schema\/logo\/image\/"},"sameAs":["https:\/\/www.facebook.com\/by.ann.picot.graphiste.designer\/","https:\/\/www.instagram.com\/byanngraphistedesigner\/","https:\/\/www.linkedin.com\/in\/ann-picot\/"]}]}},"_links":{"self":[{"href":"https:\/\/by-ann-graphiste-design.com\/index.php\/wp-json\/wp\/v2\/pages\/4536","targetHints":{"allow":["GET"]}}],"collection":[{"href":"https:\/\/by-ann-graphiste-design.com\/index.php\/wp-json\/wp\/v2\/pages"}],"about":[{"href":"https:\/\/by-ann-graphiste-design.com\/index.php\/wp-json\/wp\/v2\/types\/page"}],"author":[{"embeddable":true,"href":"https:\/\/by-ann-graphiste-design.com\/index.php\/wp-json\/wp\/v2\/users\/1"}],"replies":[{"embeddable":true,"href":"https:\/\/by-ann-graphiste-design.com\/index.php\/wp-json\/wp\/v2\/comments?post=4536"}],"version-history":[{"count":0,"href":"https:\/\/by-ann-graphiste-design.com\/index.php\/wp-json\/wp\/v2\/pages\/4536\/revisions"}],"wp:attachment":[{"href":"https:\/\/by-ann-graphiste-design.com\/index.php\/wp-json\/wp\/v2\/media?parent=4536"}],"curies":[{"name":"wp","href":"https:\/\/api.w.org\/{rel}","templated":true}]}}